{"id":5,"date":"2021-09-24T16:11:02","date_gmt":"2021-09-24T16:11:02","guid":{"rendered":"http:\/\/new.maudrenier.com\/?page_id=5"},"modified":"2021-10-13T13:05:47","modified_gmt":"2021-10-13T11:05:47","slug":"homepage","status":"publish","type":"page","link":"https:\/\/www.maudrenier.com\/","title":{"rendered":"Biographie"},"content":{"rendered":"\n<p>Maud Renier est n\u00e9e \u00e0 Li\u00e8ge (Belgique) en 1989. Elle commence le piano \u00e0 l\u2019\u00e2ge de cinq ans et \u00e9tudie au Conservatoire de Musique de Verviers de 1995 \u00e0 2003, puis continue son enseignement de 2002 \u00e0 2005 aupr\u00e8s de Mme Longr\u00e9e-Poumay.<br>Elle est laur\u00e9ate de plusieurs concours en Belgique et en France.<\/p>\n\n\n\n<p>De 2005 \u00e0 2010, elle poursuit ses \u00e9tudes \u00e0 l\u2019Ecole Normale de Musique de Paris en classe Sup\u00e9rieure avec Mme Victoria Melki, o\u00f9 elle a obtenu le Dipl\u00f4me d\u2019Enseignement et continu\u00e9 son perfectionnement.<\/p>\n\n\n\n<p>En 2009, elle int\u00e8gre l\u2019Institut Sup\u00e9rieur de Musique et de P\u00e9dagogie de Namur (Belgique) dans la classe de Roberto Giordano, o\u00f9 elle obtient en 2011 le Dipl\u00f4me de Master Sp\u00e9cialis\u00e9 en piano ainsi que le Dipl\u00f4me d\u2019Agr\u00e9gation de l\u2019Enseignement Secondaire Sup\u00e9rieur, tous deux avec grande distinction.<\/p>\n\n\n\n<p>Elle obtient en juin 2013 le Master d\u2019accompagnement \u00e0 l\u2019Institut Sup\u00e9rieur de Musique et de P\u00e9dagogie de Namur avec la grande distinction.<\/p>\n\n\n\n<p>Elle a particip\u00e9 \u00e0 de nombreuses Master Classes, en France aupr\u00e8s de Pascal Devoyon, Jacques Rouvier, Georges Pludermacher, Bruno Rigutto, Victoria Melki, et en Italie aupr\u00e8s de Leonid Margarius, Roberto Giordano et Franco Scala.<\/p>\n\n\n\n<div class=\"wp-block-image\"><figure class=\"aligncenter size-large\"><img loading=\"lazy\" decoding=\"async\" width=\"490\" height=\"1024\" src=\"http:\/\/new.maudrenier.com\/wp-content\/uploads\/2021\/10\/194267850_210441994247302_532445603148545912_n-490x1024.jpg\" alt=\"\" class=\"wp-image-120\" srcset=\"https:\/\/www.maudrenier.com\/wp-content\/uploads\/2021\/10\/194267850_210441994247302_532445603148545912_n-490x1024.jpg 490w, https:\/\/www.maudrenier.com\/wp-content\/uploads\/2021\/10\/194267850_210441994247302_532445603148545912_n-143x300.jpg 143w, https:\/\/www.maudrenier.com\/wp-content\/uploads\/2021\/10\/194267850_210441994247302_532445603148545912_n-768x1606.jpg 768w, https:\/\/www.maudrenier.com\/wp-content\/uploads\/2021\/10\/194267850_210441994247302_532445603148545912_n-735x1536.jpg 735w, https:\/\/www.maudrenier.com\/wp-content\/uploads\/2021\/10\/194267850_210441994247302_532445603148545912_n-979x2048.jpg 979w, https:\/\/www.maudrenier.com\/wp-content\/uploads\/2021\/10\/194267850_210441994247302_532445603148545912_n-scaled.jpg 1224w\" sizes=\"auto, (max-width: 490px) 100vw, 490px\" \/><\/figure><\/div>\n\n\n\n<p>Elle a l\u2019occasion d\u2019\u00eatre l\u2019accompagnatrice de master classes internationales comme le stage international de musique d\u2019ao\u00fbt de l\u2019Imep (Namur), la Cantiere Internazionale Musicale (Italie). Artiste invit\u00e9e et professeur de musique de chambre au festival et \u00e0 la Master classe LeAltreNote \u00e0 Valdidentro (Italie).<\/p>\n\n\n\n<p>Elle est l\u2019assistante de la classe de piano de Roberto Giordano \u00e0 l\u2019Institut Sup\u00e9rieur de Musique et de P\u00e9dagogie de Namur de 2013 \u00e0 2015.<\/p>\n\n\n\n<p>Elle enseigne \u00e0 l\u2019acad\u00e9mie de Musique de Waremme comme professeur de piano et accompagnatrice depuis septembre 2012, partageant ainsi sa vie musicale entre sa passion pour l\u2019enseignement et ses activit\u00e9s de concertiste.<\/p>\n\n\n\n<p>Elle se produit r\u00e9guli\u00e8rement en concert dans divers pays comme la Belgique, la France, l\u2019Italie, la Suisse, les Pays-Bas, le Maroc, &#8230; que ce soit en r\u00e9cital solo, avec orchestre, en musique de chambre ou accompagnement de chant.<\/p>\n\n\n\n<p>Elle joue \u00e9galement en compagnie d\u2019artistes renomm\u00e9s tels que Patrick Gallois, Jodie Devos, Pierre Xhonneux, \u2026<\/p>\n\n\n\n<p>Avec Stefano Parrino (flute) et Francesco Parrino (violon), elle a enregistr\u00e9 un cd consacr\u00e9 au compositeur Leo Ornstein pour le label Brilliant Classics, enregistrement pl\u00e9biscit\u00e9 par la critique.<\/p>\n\n\n\n<p>Elle forme un duo piano-harpe avec la harpiste Primor Sluchin&nbsp;: le \u00ab&nbsp;Duo Emaho&nbsp;\u00bb, et se produit tr\u00e8s r\u00e9guli\u00e8rement dans le cadre de concerts comment\u00e9s avec le musicologue-conf\u00e9rencier de renom Jean-Marc Onkelinx.<br><br><\/p>\n\n\n\n<iframe loading=\"lazy\" src=\"https:\/\/www.facebook.com\/plugins\/page.php?href=https%3A%2F%2Fwww.facebook.com%2FMaud-Renier-Pianiste-107317425037660&amp;tabs=timeline&amp;width=1000&amp;height=800&amp;small_header=false&amp;adapt_container_width=true&amp;hide_cover=false&amp;show_facepile=false&amp;locale=fr_FR\" style=\"border:none;overflow:hidden\" scrolling=\"no\" allowfullscreen=\"true\" allow=\"autoplay; clipboard-write; encrypted-media; picture-in-picture; web-share\" width=\"100%\" height=\"800\" frameborder=\"0\"><\/iframe>\n","protected":false},"excerpt":{"rendered":"<p>Maud Renier est n\u00e9e \u00e0 Li\u00e8ge (Belgique) en 1989. Elle commence le piano \u00e0 l\u2019\u00e2ge de cinq ans et \u00e9tudie au Conservatoire de Musique de Verviers de 1995 \u00e0 2003, &hellip; <\/p>\n<p class=\"link-more\"><a href=\"https:\/\/www.maudrenier.com\/\" class=\"more-link\">Continuer la lecture<span class=\"screen-reader-text\"> de &laquo;&nbsp;Biographie&nbsp;&raquo;<\/span><\/a><\/p>\n","protected":false},"author":1,"featured_media":0,"parent":0,"menu_order":0,"comment_status":"closed","ping_status":"closed","template":"templates\/landing.php","meta":{"footnotes":""},"class_list":["post-5","page","type-page","status-publish","hentry"],"_links":{"self":[{"href":"https:\/\/www.maudrenier.com\/index.php\/wp-json\/wp\/v2\/pages\/5","targetHints":{"allow":["GET"]}}],"collection":[{"href":"https:\/\/www.maudrenier.com\/index.php\/wp-json\/wp\/v2\/pages"}],"about":[{"href":"https:\/\/www.maudrenier.com\/index.php\/wp-json\/wp\/v2\/types\/page"}],"author":[{"embeddable":true,"href":"https:\/\/www.maudrenier.com\/index.php\/wp-json\/wp\/v2\/users\/1"}],"replies":[{"embeddable":true,"href":"https:\/\/www.maudrenier.com\/index.php\/wp-json\/wp\/v2\/comments?post=5"}],"version-history":[{"count":15,"href":"https:\/\/www.maudrenier.com\/index.php\/wp-json\/wp\/v2\/pages\/5\/revisions"}],"predecessor-version":[{"id":129,"href":"https:\/\/www.maudrenier.com\/index.php\/wp-json\/wp\/v2\/pages\/5\/revisions\/129"}],"wp:attachment":[{"href":"https:\/\/www.maudrenier.com\/index.php\/wp-json\/wp\/v2\/media?parent=5"}],"curies":[{"name":"wp","href":"https:\/\/api.w.org\/{rel}","templated":true}]}}