{"id":22,"date":"2021-09-25T19:27:33","date_gmt":"2021-09-25T19:27:33","guid":{"rendered":"http:\/\/new.maudrenier.com\/?page_id=22"},"modified":"2021-10-01T06:50:28","modified_gmt":"2021-10-01T06:50:28","slug":"duo-emaho","status":"publish","type":"page","link":"https:\/\/www.maudrenier.com\/index.php\/duo-emaho\/","title":{"rendered":"Duo Emaho"},"content":{"rendered":"\n<p>Depuis des ann\u00e9es, les sons de nos instruments \u2013 le piano et la harpe \u2013 s\u2019entrem\u00ealent tous les mercredis dans l\u2019acad\u00e9mie o\u00f9 nous enseignons. Nous n\u2019avions qu\u2019un couloir \u00e0 traverser pour former un duo\u2026 Ce fut chose faite en 2016. Ainsi naquit le Duo Emaho (merveille en tib\u00e9tain).<\/p>\n\n\n\n<p>Notre projet artistique trouve ses racines dans l\u2019histoire des salons de l\u2019Europe des 18<sup>\u00e8me<\/sup> et 19\u00e8me si\u00e8cles o\u00f9 l\u2019on pratiquait musique souvent m\u00e9connue aujourd\u2019hui et que nous avons choisi de faire revivre. Nos incessantes recherches dans les biblioth\u00e8ques de Belgique et d\u2019ailleurs nous ont permises de mettre au jour des p\u00e9pites, des \u0153uvres rares ou oubli\u00e9es, puis de les faire partager lors de nombreux concerts. Mais ces tr\u00e9sors musicaux, dont certains n\u2019ont jamais \u00e9t\u00e9 enregistr\u00e9s, nous d\u00e9sirions \u00e9galement en laisser une trace durable. Du bel canto \u00e0 l&rsquo;improvisation jazz, de la musique intime de cour fran\u00e7aise \u00e0 l&rsquo;exub\u00e9rance andalouse, nous vous invitons \u00e0 un voyage musical <em>en-chantant<\/em> \u00e0 travers trois si\u00e8cles de musique.<\/p>\n\n\n\n<figure class=\"wp-block-image size-large\"><img loading=\"lazy\" decoding=\"async\" width=\"1024\" height=\"663\" src=\"http:\/\/new.maudrenier.com\/wp-content\/uploads\/2021\/10\/Duo-Emaho-1024x663.png\" alt=\"\" class=\"wp-image-55\" srcset=\"https:\/\/www.maudrenier.com\/wp-content\/uploads\/2021\/10\/Duo-Emaho-1024x663.png 1024w, https:\/\/www.maudrenier.com\/wp-content\/uploads\/2021\/10\/Duo-Emaho-300x194.png 300w, https:\/\/www.maudrenier.com\/wp-content\/uploads\/2021\/10\/Duo-Emaho-768x497.png 768w, https:\/\/www.maudrenier.com\/wp-content\/uploads\/2021\/10\/Duo-Emaho-1536x995.png 1536w, https:\/\/www.maudrenier.com\/wp-content\/uploads\/2021\/10\/Duo-Emaho-2048x1326.png 2048w\" sizes=\"auto, (max-width: 767px) 89vw, (max-width: 1000px) 54vw, (max-width: 1071px) 543px, 580px\" \/><figcaption>Duo Emaho &#8211; Primor Sluchin et Maud Renier<\/figcaption><\/figure>\n\n\n\n<p><\/p>\n","protected":false},"excerpt":{"rendered":"<p>Depuis des ann\u00e9es, les sons de nos instruments \u2013 le piano et la harpe \u2013 s\u2019entrem\u00ealent tous les mercredis dans l\u2019acad\u00e9mie o\u00f9 nous enseignons. Nous n\u2019avions qu\u2019un couloir \u00e0 traverser &hellip; <\/p>\n<p class=\"link-more\"><a href=\"https:\/\/www.maudrenier.com\/index.php\/duo-emaho\/\" class=\"more-link\">Continuer la lecture<span class=\"screen-reader-text\"> de &laquo;&nbsp;Duo Emaho&nbsp;&raquo;<\/span><\/a><\/p>\n","protected":false},"author":1,"featured_media":0,"parent":0,"menu_order":0,"comment_status":"closed","ping_status":"closed","template":"","meta":{"footnotes":""},"class_list":["post-22","page","type-page","status-publish","hentry"],"_links":{"self":[{"href":"https:\/\/www.maudrenier.com\/index.php\/wp-json\/wp\/v2\/pages\/22","targetHints":{"allow":["GET"]}}],"collection":[{"href":"https:\/\/www.maudrenier.com\/index.php\/wp-json\/wp\/v2\/pages"}],"about":[{"href":"https:\/\/www.maudrenier.com\/index.php\/wp-json\/wp\/v2\/types\/page"}],"author":[{"embeddable":true,"href":"https:\/\/www.maudrenier.com\/index.php\/wp-json\/wp\/v2\/users\/1"}],"replies":[{"embeddable":true,"href":"https:\/\/www.maudrenier.com\/index.php\/wp-json\/wp\/v2\/comments?post=22"}],"version-history":[{"count":4,"href":"https:\/\/www.maudrenier.com\/index.php\/wp-json\/wp\/v2\/pages\/22\/revisions"}],"predecessor-version":[{"id":57,"href":"https:\/\/www.maudrenier.com\/index.php\/wp-json\/wp\/v2\/pages\/22\/revisions\/57"}],"wp:attachment":[{"href":"https:\/\/www.maudrenier.com\/index.php\/wp-json\/wp\/v2\/media?parent=22"}],"curies":[{"name":"wp","href":"https:\/\/api.w.org\/{rel}","templated":true}]}}